{"id":1820,"date":"2013-02-04T19:34:16","date_gmt":"2013-02-04T18:34:16","guid":{"rendered":"http:\/\/blog.kulturgaraget.se\/?page_id=1820"},"modified":"2016-10-20T16:57:53","modified_gmt":"2016-10-20T15:57:53","slug":"130202-the-widowbirds-alternativ-mello","status":"publish","type":"page","link":"http:\/\/blog.kulturgaraget.se\/?page_id=1820","title":{"rendered":"130202 The Widowbirds (+ alternativ Mello)"},"content":{"rendered":"<p>[youtube]http:\/\/www.youtube.com\/watch?v=5g6kUKkwbco&amp;feature=youtu.be[\/youtube]<\/p>\n\n\t\t<div id='gallery-1' class='gallery galleryid-1820 gallery-columns-4 gallery-size-thumbnail gallery1'><script type=\"text\/javascript\">\r\n\/\/ <![CDATA[\r\n\tjQuery(document).ready(function () {\r\n\t\tjQuery(\".gallery1 a\").attr(\"rel\",\"gallery1\");\t\r\n\t\tjQuery('a[rel=\"gallery1\"]').colorbox({maxWidth:\"95%\", maxHeight:\"95%\",title: function(){ return jQuery(this).children().attr(\"alt\"); }, });\r\n\t});\r\n\/\/ ]]>\r\n<\/script>\n<dl class=\"gallery-item\">\n<dt class=\"gallery-icon\">\r\n<a href=\"http:\/\/media1.blog.kulturgaraget.se\/2013\/02\/1-600x388.jpg\" title=\"\" rel=\"gallery1\"><img src=\"http:\/\/media1.blog.kulturgaraget.se\/2013\/02\/1-150x97.jpg\" width=\"150\" height=\"97\" alt=\"\" \/><\/a>\r\n<\/dt><\/dl><dl class=\"gallery-item\">\n<dt class=\"gallery-icon\">\r\n<a href=\"http:\/\/media1.blog.kulturgaraget.se\/2013\/02\/2-398x600.jpg\" title=\"\" rel=\"gallery1\"><img src=\"http:\/\/media1.blog.kulturgaraget.se\/2013\/02\/2-99x150.jpg\" width=\"99\" height=\"150\" alt=\"\" \/><\/a>\r\n<\/dt><\/dl>\r\n\t\t\t<br style='clear: both' \/>\r\n\t\t<\/div>\n\n<p>[youtube]http:\/\/www.youtube.com\/watch?v=syU15Rwywkg&amp;feature=youtu.be[\/youtube]<\/p>\n<p>Om det \u00e4r n\u00e5gon som undrar hur det gick i den alternativa Melodifestivalen p\u00e5 Garaget s\u00e5 tror jag att det blev som f\u00f6ljer;<br \/>\nL\u00e5ten som vann \u00e4r direktkvalificerad, de andra tv\u00e5 g\u00e5r till andra chansen. Detta inneb\u00e4r att de tre m\u00f6ts igen vid ett senare tillf\u00e4lle, och fr\u00e5n semifinalen g\u00e5r ingen vidare utan m\u00f6ts direkt i den sp\u00e4nnande finalen. Typ. Eventuella fr\u00e5gor f\u00e5r nog redas ut med Jakob. Lycka till!<\/p>\n","protected":false},"excerpt":{"rendered":"<p>[youtube]http:\/\/www.youtube.com\/watch?v=5g6kUKkwbco&amp;feature=youtu.be[\/youtube] [youtube]http:\/\/www.youtube.com\/watch?v=syU15Rwywkg&amp;feature=youtu.be[\/youtube] Om det \u00e4r n\u00e5gon som undrar hur det gick i den alternativa Melodifestivalen p\u00e5 Garaget s\u00e5 tror jag att det blev som f\u00f6ljer; L\u00e5ten som vann \u00e4r direktkvalificerad, de andra tv\u00e5 g\u00e5r till andra chansen. Detta inneb\u00e4r att &hellip; <a href=\"http:\/\/blog.kulturgaraget.se\/?page_id=1820\">L\u00e4s mer <span class=\"meta-nav\">&rarr;<\/span><\/a><\/p>\n","protected":false},"author":3,"featured_media":0,"parent":2213,"menu_order":442,"comment_status":"closed","ping_status":"closed","template":"","meta":[],"_links":{"self":[{"href":"http:\/\/blog.kulturgaraget.se\/index.php?rest_route=\/wp\/v2\/pages\/1820"}],"collection":[{"href":"http:\/\/blog.kulturgaraget.se\/index.php?rest_route=\/wp\/v2\/pages"}],"about":[{"href":"http:\/\/blog.kulturgaraget.se\/index.php?rest_route=\/wp\/v2\/types\/page"}],"author":[{"embeddable":true,"href":"http:\/\/blog.kulturgaraget.se\/index.php?rest_route=\/wp\/v2\/users\/3"}],"replies":[{"embeddable":true,"href":"http:\/\/blog.kulturgaraget.se\/index.php?rest_route=%2Fwp%2Fv2%2Fcomments&post=1820"}],"version-history":[{"count":6,"href":"http:\/\/blog.kulturgaraget.se\/index.php?rest_route=\/wp\/v2\/pages\/1820\/revisions"}],"predecessor-version":[{"id":1827,"href":"http:\/\/blog.kulturgaraget.se\/index.php?rest_route=\/wp\/v2\/pages\/1820\/revisions\/1827"}],"up":[{"embeddable":true,"href":"http:\/\/blog.kulturgaraget.se\/index.php?rest_route=\/wp\/v2\/pages\/2213"}],"wp:attachment":[{"href":"http:\/\/blog.kulturgaraget.se\/index.php?rest_route=%2Fwp%2Fv2%2Fmedia&parent=1820"}],"curies":[{"name":"wp","href":"https:\/\/api.w.org\/{rel}","templated":true}]}}