{"id":2259,"date":"2017-04-09T13:16:34","date_gmt":"2017-04-09T12:16:34","guid":{"rendered":"http:\/\/blog.kulturgaraget.se\/?page_id=2259"},"modified":"2017-04-09T13:16:34","modified_gmt":"2017-04-09T12:16:34","slug":"stadgar","status":"publish","type":"page","link":"https:\/\/blog.kulturgaraget.se\/?page_id=2259","title":{"rendered":"Stadgar"},"content":{"rendered":"<table style=\"height: 100%;\" border=\"0\" cellspacing=\"0\" cellpadding=\"0\" width=\"100%\">\n<tbody>\n<tr>\n<td align=\"center\" valign=\"top\">\n<table border=\"0\" cellspacing=\"0\" cellpadding=\"0\" width=\"600\">\n<tbody>\n<tr>\n<td><img decoding=\"async\" loading=\"lazy\" src=\"http:\/\/www.kulturgaraget.se\/img\/logo.gif\" alt=\"\" vspace=\"10\" width=\"211\" height=\"45\" \/><\/td>\n<\/tr>\n<tr>\n<td>\n<table border=\"0\" cellspacing=\"0\" cellpadding=\"0\" width=\"100%\">\n<tbody>\n<tr>\n<td width=\"48%\">Kulturf\u00f6reningen Garagets Stadgar<\/td>\n<td width=\"30%\"><\/td>\n<\/tr>\n<\/tbody>\n<\/table>\n<table border=\"0\" cellspacing=\"0\" cellpadding=\"0\" width=\"100%\">\n<tbody>\n<tr>\n<td>1 \u00a7 F\u00f6reningen skall st\u00f6dja och uppmuntra all kultur och musikintresse.<\/td>\n<\/tr>\n<tr>\n<td><\/td>\n<\/tr>\n<tr>\n<td>2 \u00a7 F\u00f6reningen skall vara partipolitiskt och kommersiellt obunden.<\/td>\n<\/tr>\n<tr>\n<td><\/td>\n<\/tr>\n<tr>\n<td>3 \u00a7 F\u00f6reningen skall bedriva verksamhet f\u00f6r alla som ut\u00f6var kultur och musik, eller som p\u00e5 annat s\u00e4tt har ett genuint kultur och musikintresse i Avesta med omnejd. Dock f\u00e5r antalet medlemmar ej \u00f6verstiga 600.<\/td>\n<\/tr>\n<tr>\n<td><\/td>\n<\/tr>\n<tr>\n<td>4 \u00a7 Styrelsen pr\u00f6var och godk\u00e4nner medlemskap.<\/td>\n<\/tr>\n<tr>\n<td><\/td>\n<\/tr>\n<tr>\n<td>5 \u00a7 Grund f\u00f6r uteslutning av medlem \u00e4r st\u00f6rande beteende vid f\u00f6reningens arrangemang eller utebliven medlemsavgift.<\/td>\n<\/tr>\n<tr>\n<td><\/td>\n<\/tr>\n<tr>\n<td>6 \u00a7 F\u00f6reningens verksamhet skall presenteras p\u00e5 en \u00f6ppen hemsida. Medlemsregistret skall skyddas av l\u00f6senord och enbart vara \u00f6ppet f\u00f6r f\u00f6reningens medlemmar.<\/td>\n<\/tr>\n<tr>\n<td><\/td>\n<\/tr>\n<tr>\n<td>7 \u00a7 F\u00f6reningens styrelse skall best\u00e5 av nio personer ordf\u00f6rande, sekreterare &#8221;webbmaster&#8221;, kass\u00f6r samt fem ledam\u00f6ter, dessutom skall styrelsen ha fyra suppleanter. Styrelsemedlemmar v\u00e4ljs vid medlemsm\u00f6te p\u00e5 en mandattid av tv\u00e5 \u00e5r. Ordf\u00f6rande och kass\u00f6r utses vid olika \u00e5rsm\u00f6ten.<\/td>\n<\/tr>\n<tr>\n<td><\/td>\n<\/tr>\n<tr>\n<td>8 \u00a7 Valberedning, best\u00e5ende av tv\u00e5 personer, v\u00e4ljs vid medlemsm\u00f6te f\u00f6r en mandattid p\u00e5 tv\u00e5 2 \u00e5r.<\/td>\n<\/tr>\n<tr>\n<td><\/td>\n<\/tr>\n<tr>\n<td>9 \u00a7 Revision av f\u00f6reningens verksamhet g\u00f6rs av tv\u00e5 personer som utvalts p\u00e5 medlemsm\u00f6te f\u00f6r en mandattid p\u00e5 tv\u00e5 \u00e5r.<\/td>\n<\/tr>\n<tr>\n<td><\/td>\n<\/tr>\n<tr>\n<td>10 \u00a7 Medlemskap \u00e4r enskilt och \u00e5ldersgr\u00e4nsen \u00e4r 18 \u00e5r.<\/td>\n<\/tr>\n<tr>\n<td><\/td>\n<\/tr>\n<tr>\n<td>11 \u00a7 Medlemsavgift beslutas av \u00e5rsm\u00f6tet.<\/td>\n<\/tr>\n<tr>\n<td><\/td>\n<\/tr>\n<tr>\n<td>12 \u00a7 Evenemang som sker i f\u00f6reningens namn skall vara \u00f6ppna f\u00f6r alla f\u00f6reningens medlemmar.<\/td>\n<\/tr>\n<tr>\n<td><\/td>\n<\/tr>\n<tr>\n<td>13 \u00a7 Styrelsen handhar f\u00f6reningens angel\u00e4genheter i enlighet med dess stadgar och med st\u00f6d av fattade beslut. Styrelsen tecknar firma som helhet och tv\u00e5 i f\u00f6rening.<\/td>\n<\/tr>\n<tr>\n<td><\/td>\n<\/tr>\n<tr>\n<td>14 \u00a7 F\u00f6reningens medlemmar, enskilt eller i grupp, har r\u00e4tt att nyttja hemsidan, medlemsregistret, f\u00f6r alla syften som st\u00f6djer f\u00f6reningsmedlemmarnas musik och kulturintresse. Medlemsregistret f\u00e5r inte anv\u00e4ndas i kommersiellt vinstsyfte.<\/td>\n<\/tr>\n<tr>\n<td><\/td>\n<\/tr>\n<tr>\n<td>15 \u00a7 Verksamhets\u00e5r \u00e4r kalender\u00e5r.<\/td>\n<\/tr>\n<tr>\n<td><\/td>\n<\/tr>\n<tr>\n<td>16 \u00a7 \u00c5rsm\u00f6te skall utlysas minst 14 dagar innan m\u00f6tesdatum och h\u00e5llas f\u00f6re mars m\u00e5nads utg\u00e5ng. P\u00e5 \u00e5rsm\u00f6tet skall f\u00f6rutom \u00f6vriga \u00e4renden f\u00f6ljande behandlas: Styrelsens och revisorernas ber\u00e4ttelse f\u00f6r f\u00f6reg\u00e5ende \u00e5r. Fr\u00e5ga om ansvarsfrihet f\u00f6r styrelsen. Val av styrelse och suppleanter, ordf\u00f6rande, kass\u00f6r sekreterare, webbmaster, \u00f6vriga ledam\u00f6ter och suppleanter. Val av revisorer och revisorssuppleant. Val av valberedning f\u00f6r n\u00e4stkommande \u00e5rsm\u00f6te. Riktlinjer f\u00f6r den kommande verksamheten. Vid beslut om styrelsens ansvarsfrihet har styrelsen inte r\u00f6str\u00e4tt. Omr\u00f6stningar sker \u00f6ppet. Personval sker d\u00e5 n\u00e5gon s\u00e5 beg\u00e4r med slutna sedlar. Godk\u00e4nd valsedel ska uppta det antal personer som ska v\u00e4ljas. Valsedel som upptar fler eller f\u00e4rre namn \u00e4r ogiltig. Vid lika r\u00f6stetal g\u00e4ller lotten.<\/td>\n<\/tr>\n<tr>\n<td><\/td>\n<\/tr>\n<tr>\n<td>17 \u00a7 Motioner till medlemsm\u00f6tet skall vara styrelsen tillhanda 7 dagar innan medlemsm\u00f6tet.<\/td>\n<\/tr>\n<tr>\n<td><\/td>\n<\/tr>\n<tr>\n<td>18 \u00a7 Medlemsm\u00f6te \u00e4r beslutsm\u00e4ssigt, genom enkel majoritet, i alla fr\u00e5gor som r\u00f6r f\u00f6reningens verksamhet. Vid lika r\u00f6stetal g\u00e4ller ordf\u00f6randens r\u00f6st som utslagsr\u00f6st.<\/td>\n<\/tr>\n<tr>\n<td><\/td>\n<\/tr>\n<tr>\n<td>19 \u00a7 F\u00f6rutom \u00e5rsm\u00f6tet skall det vara minst ett medlemsm\u00f6te ytterligare per \u00e5r.<\/td>\n<\/tr>\n<tr>\n<td><\/td>\n<\/tr>\n<tr>\n<td>20 \u00a7 \u00c4ndring av stadgar kan endast ske p\u00e5 \u00e5rsm\u00f6tet och dessa \u00e4ndringar kr\u00e4ver 2\/3 majoritet p\u00e5 m\u00f6tet. Om f\u00f6reningen uppl\u00f6ses skall eventuella tillg\u00e5ngar tillfalla R\u00e4dda Barnen.<\/td>\n<\/tr>\n<tr>\n<td><\/td>\n<\/tr>\n<\/tbody>\n<\/table>\n<\/td>\n<\/tr>\n<\/tbody>\n<\/table>\n<\/td>\n<\/tr>\n<\/tbody>\n<\/table>\n","protected":false},"excerpt":{"rendered":"<p>Kulturf\u00f6reningen Garagets Stadgar 1 \u00a7 F\u00f6reningen skall st\u00f6dja och uppmuntra all kultur och musikintresse. 2 \u00a7 F\u00f6reningen skall vara partipolitiskt och kommersiellt obunden. 3 \u00a7 F\u00f6reningen skall bedriva verksamhet f\u00f6r alla som ut\u00f6var kultur och musik, eller som p\u00e5 annat &hellip; <a href=\"https:\/\/blog.kulturgaraget.se\/?page_id=2259\">L\u00e4s mer <span class=\"meta-nav\">&rarr;<\/span><\/a><\/p>\n","protected":false},"author":3,"featured_media":0,"parent":910,"menu_order":0,"comment_status":"closed","ping_status":"closed","template":"","meta":[],"_links":{"self":[{"href":"https:\/\/blog.kulturgaraget.se\/index.php?rest_route=\/wp\/v2\/pages\/2259"}],"collection":[{"href":"https:\/\/blog.kulturgaraget.se\/index.php?rest_route=\/wp\/v2\/pages"}],"about":[{"href":"https:\/\/blog.kulturgaraget.se\/index.php?rest_route=\/wp\/v2\/types\/page"}],"author":[{"embeddable":true,"href":"https:\/\/blog.kulturgaraget.se\/index.php?rest_route=\/wp\/v2\/users\/3"}],"replies":[{"embeddable":true,"href":"https:\/\/blog.kulturgaraget.se\/index.php?rest_route=%2Fwp%2Fv2%2Fcomments&post=2259"}],"version-history":[{"count":2,"href":"https:\/\/blog.kulturgaraget.se\/index.php?rest_route=\/wp\/v2\/pages\/2259\/revisions"}],"predecessor-version":[{"id":2261,"href":"https:\/\/blog.kulturgaraget.se\/index.php?rest_route=\/wp\/v2\/pages\/2259\/revisions\/2261"}],"up":[{"embeddable":true,"href":"https:\/\/blog.kulturgaraget.se\/index.php?rest_route=\/wp\/v2\/pages\/910"}],"wp:attachment":[{"href":"https:\/\/blog.kulturgaraget.se\/index.php?rest_route=%2Fwp%2Fv2%2Fmedia&parent=2259"}],"curies":[{"name":"wp","href":"https:\/\/api.w.org\/{rel}","templated":true}]}}