{"id":2267,"date":"2017-04-09T14:04:25","date_gmt":"2017-04-09T13:04:25","guid":{"rendered":"http:\/\/blog.kulturgaraget.se\/?page_id=2267"},"modified":"2023-10-07T17:16:43","modified_gmt":"2023-10-07T16:16:43","slug":"2016-2","status":"publish","type":"page","link":"https:\/\/blog.kulturgaraget.se\/?page_id=2267","title":{"rendered":"2016"},"content":{"rendered":"<h1 style=\"text-align: center;\">L\u00e4nkar f\u00f6r live-video:<\/h1>\n<p style=\"text-align: center;\"><a href=\"http:\/\/www.youtube.com\/watch?v=NY-BpFOHt_0\"><span style=\"text-align: center; font-size: 16px;\"><strong>Sven Holger Rosenvinge<\/strong><\/span><\/a><\/p>\n<p style=\"text-align: center;\"><span style=\"font-size: 16px;\"><a href=\"http:\/\/www.youtube.com\/watch?v=hUPVPUI8ZBU\"><strong>Kristian Anttila<\/strong><\/a><strong> + <a href=\"http:\/\/www.youtube.com\/watch?v=_VLxbtP1ySc\">David R\u00f6nneg\u00e5rd <\/a><\/strong><\/span><\/p>\n<p style=\"text-align: center;\"><a href=\"http:\/\/www.youtube.com\/watch?v=mBwj_EvXDH8\"><span style=\"font-size: 16px;\">The Broadcast <\/span><\/a><\/p>\n<p style=\"text-align: center;\"><a href=\"http:\/\/www.youtube.com\/watch?v=-hCwsHNCJvg\"><span style=\"font-size: 16px;\">Uncle Lucius (US) <\/span><\/a><\/p>\n<p style=\"text-align: center;\"><a href=\"http:\/\/www.youtube.com\/watch?v=hHtQOIjla34\"><span style=\"font-size: 16px;\">StoneRider (US) <\/span><\/a><\/p>\n<p style=\"text-align: center;\"><span style=\"font-size: 16px;\"><a href=\"http:\/\/www.youtube.com\/watch?v=zek4R8UydbI\">Br\u00e4nda Barn<\/a> + <a href=\"http:\/\/www.youtube.com\/watch?v=nEZRhX2aLC0\">TBC <\/a><\/span><\/p>\n<p style=\"text-align: center;\"><a href=\"http:\/\/www.youtube.com\/watch?v=nWUPPyHpgf8\"><span style=\"font-size: 16px;\">David Ramirez (US) <\/span><\/a><\/p>\n<p style=\"text-align: center;\"><a href=\"http:\/\/www.youtube.com\/watch?v=huLFskgv0UA\"><span style=\"font-size: 16px;\">Blues Pills <\/span><\/a><\/p>\n<p style=\"text-align: center;\"><a href=\"http:\/\/www.youtube.com\/watch?v=9_6FAzWvqps\"><span style=\"font-size: 16px;\">Jack Vreeswijk <\/span><\/a><\/p>\n<p style=\"text-align: center;\"><a href=\"http:\/\/www.youtube.com\/watch?v=tIilvffGN3c\"><span style=\"font-size: 16px;\">Silent Comedy (US) <\/span><\/a><\/p>\n<p style=\"text-align: center;\">\n","protected":false},"excerpt":{"rendered":"<p>L\u00e4nkar f\u00f6r live-video: Sven Holger Rosenvinge Kristian Anttila + David R\u00f6nneg\u00e5rd The Broadcast Uncle Lucius (US) StoneRider (US) Br\u00e4nda Barn + TBC David Ramirez (US) Blues Pills Jack Vreeswijk Silent Comedy (US)<\/p>\n","protected":false},"author":3,"featured_media":0,"parent":936,"menu_order":450,"comment_status":"closed","ping_status":"closed","template":"","meta":[],"_links":{"self":[{"href":"https:\/\/blog.kulturgaraget.se\/index.php?rest_route=\/wp\/v2\/pages\/2267"}],"collection":[{"href":"https:\/\/blog.kulturgaraget.se\/index.php?rest_route=\/wp\/v2\/pages"}],"about":[{"href":"https:\/\/blog.kulturgaraget.se\/index.php?rest_route=\/wp\/v2\/types\/page"}],"author":[{"embeddable":true,"href":"https:\/\/blog.kulturgaraget.se\/index.php?rest_route=\/wp\/v2\/users\/3"}],"replies":[{"embeddable":true,"href":"https:\/\/blog.kulturgaraget.se\/index.php?rest_route=%2Fwp%2Fv2%2Fcomments&post=2267"}],"version-history":[{"count":11,"href":"https:\/\/blog.kulturgaraget.se\/index.php?rest_route=\/wp\/v2\/pages\/2267\/revisions"}],"predecessor-version":[{"id":2998,"href":"https:\/\/blog.kulturgaraget.se\/index.php?rest_route=\/wp\/v2\/pages\/2267\/revisions\/2998"}],"up":[{"embeddable":true,"href":"https:\/\/blog.kulturgaraget.se\/index.php?rest_route=\/wp\/v2\/pages\/936"}],"wp:attachment":[{"href":"https:\/\/blog.kulturgaraget.se\/index.php?rest_route=%2Fwp%2Fv2%2Fmedia&parent=2267"}],"curies":[{"name":"wp","href":"https:\/\/api.w.org\/{rel}","templated":true}]}}