{"id":910,"date":"2011-01-23T13:47:13","date_gmt":"2011-01-23T13:47:13","guid":{"rendered":"http:\/\/localhost\/wordpress\/"},"modified":"2017-04-09T13:19:24","modified_gmt":"2017-04-09T12:19:24","slug":"medlemsinfo","status":"publish","type":"page","link":"https:\/\/blog.kulturgaraget.se\/?page_id=910","title":{"rendered":"Medlemsinfo"},"content":{"rendered":"<p><strong>Mat &amp; \u00f6ppetider<br \/>\n<\/strong>Garaget \u00f6ppnar alltid 19.30. Upptr\u00e4dandet startar ca. 22.00 (Om inte annat anges) Det finns god mat att k\u00f6pa. En meny kommer att vara tillg\u00e4nglig h\u00e4r p\u00e5 hemsidan och du kommer att kunna g\u00f6ra en best\u00e4llning direkt p\u00e5 medlemsidorna.<\/p>\n<p><strong>Bokning av biljett<\/strong><br \/>\nTv\u00e5 viktiga saker att komma ih\u00e5g vid bokning av biljett.<\/p>\n<ol>\n<li>F\u00f6rst och fr\u00e4mst s\u00e5 m\u00e5ste du ha anv\u00e4ndarnamn och l\u00f6senord f\u00f6r att komma \u00e5t medlem\/bokningssidorna. Dom uppgifterna har du f\u00e5tt via mail och i vissa fall via vanlig post. Har du tappat bort uppgifterna f\u00e5r du <a href=\"mailto:info@kulturgaraget.se\">maila<\/a> oss f\u00f6r att f\u00e5 nya uppgifter. OBS! Ring ej, vi har fullt upp med administrationen \u00e4nd\u00e5.<\/li>\n<li>N\u00e4r du nu har loggat in p\u00e5 medlemssidorna s\u00e5 ska du ange ditt f\u00f6delsedatum (\u00c5\u00c5\u00c5\u00c5MMDD) och medlemsnummer. H\u00e4r \u00e4r det viktigt att du anger samma f\u00f6delsedata som du angav n\u00e4r du registrerade dig som medlem, det \u00e4r det och medlemsnumret som identifierar dig.<\/li>\n<\/ol>\n<p>Du kan bara boka 1 biljett per medlem. Du kan allts\u00e5 inte k\u00f6pa \u00e5t andra medlemmar, bokningen \u00e4r personlig och g\u00e4ller bara dig.<\/p>\n<p>Och kom ih\u00e5g: f\u00f6rst till kvarn g\u00e4ller&#8230;<\/p>\n<p><strong>F\u00f6rnyelse av medlemskapet<\/strong><br \/>\nMedlemskapet g\u00e4ller i 1 \u00e5r (kalender\u00e5r). Medlemsavgiften (250 kr) skall betalas vid \u00e5rsskiftet. F\u00f6r att f\u00f6rnya s\u00e5 betala in p\u00e5 Bankgiro: 5890-4038. Kom ih\u00e5g att ange namn och medlemsnummer (s\u00e5 blir Jakob j\u00e4tteglad).<\/p>\n<p><strong>Stadgar<\/strong><br \/>\nHittar du <a href=\"http:\/\/blog.kulturgaraget.se\/?page_id=2259\" target=\"_blank\">h\u00e4r<\/a><\/p>\n<blockquote><p>\u0096 Sj\u00e4lv tycker jag v\u00e4ldigt mycket om n\u00e4r folk bokar och betalar p\u00e5 n\u00e4tet. Har lite sv\u00e5rt att f\u00e5 bokf\u00f6ringen att st\u00e4mma med skrynkliga postIT-lappar och &#8221;en n\u00e4ve pengar&#8221;.<\/p>\n<p>&#8230;. n\u00e5gra ord fr\u00e5n v\u00e5r man i rymden (h\u00e5rt slitande gaderobi\u00e4r\/kass\u00f6r\/musiker ).<\/p><\/blockquote>\n","protected":false},"excerpt":{"rendered":"<p>Mat &amp; \u00f6ppetider Garaget \u00f6ppnar alltid 19.30. Upptr\u00e4dandet startar ca. 22.00 (Om inte annat anges) Det finns god mat att k\u00f6pa. En meny kommer att vara tillg\u00e4nglig h\u00e4r p\u00e5 hemsidan och du kommer att kunna g\u00f6ra en best\u00e4llning direkt p\u00e5 &hellip; <a href=\"https:\/\/blog.kulturgaraget.se\/?page_id=910\">L\u00e4s mer <span class=\"meta-nav\">&rarr;<\/span><\/a><\/p>\n","protected":false},"author":2,"featured_media":0,"parent":0,"menu_order":6,"comment_status":"closed","ping_status":"closed","template":"onecolumn-page.php","meta":[],"_links":{"self":[{"href":"https:\/\/blog.kulturgaraget.se\/index.php?rest_route=\/wp\/v2\/pages\/910"}],"collection":[{"href":"https:\/\/blog.kulturgaraget.se\/index.php?rest_route=\/wp\/v2\/pages"}],"about":[{"href":"https:\/\/blog.kulturgaraget.se\/index.php?rest_route=\/wp\/v2\/types\/page"}],"author":[{"embeddable":true,"href":"https:\/\/blog.kulturgaraget.se\/index.php?rest_route=\/wp\/v2\/users\/2"}],"replies":[{"embeddable":true,"href":"https:\/\/blog.kulturgaraget.se\/index.php?rest_route=%2Fwp%2Fv2%2Fcomments&post=910"}],"version-history":[{"count":3,"href":"https:\/\/blog.kulturgaraget.se\/index.php?rest_route=\/wp\/v2\/pages\/910\/revisions"}],"predecessor-version":[{"id":2071,"href":"https:\/\/blog.kulturgaraget.se\/index.php?rest_route=\/wp\/v2\/pages\/910\/revisions\/2071"}],"wp:attachment":[{"href":"https:\/\/blog.kulturgaraget.se\/index.php?rest_route=%2Fwp%2Fv2%2Fmedia&parent=910"}],"curies":[{"name":"wp","href":"https:\/\/api.w.org\/{rel}","templated":true}]}}